{"id":1750,"date":"2013-09-30T17:30:40","date_gmt":"2013-09-30T15:30:40","guid":{"rendered":"http:\/\/www.fotobcnlive.es\/?page_id=1750"},"modified":"2013-10-01T16:35:57","modified_gmt":"2013-10-01T14:35:57","slug":"team-building-photocall","status":"publish","type":"page","link":"http:\/\/www.fotobcnlive.es\/?page_id=1750","title":{"rendered":"Team Building Photocall"},"content":{"rendered":"<h2><span style=\"color: #99ccff;\">P<\/span>articipar,\u00a0<span style=\"color: #99ccff;\">I<\/span>ncentivar,\u00a0<span style=\"color: #99ccff;\">M<\/span>otivar,\u00a0<span style=\"color: #99ccff;\">E<\/span>stimular<\/h2>\n<p>&nbsp;<\/p>\n<p style=\"text-align: justify;\">Trabajo en equipo mediante la realizaci\u00f3n de fotograf\u00eda art\u00edstica y t\u00e9cnicas de Light Painting.<\/p>\n<p style=\"text-align: justify;\">Utiliza las herramientas m\u00e1s caracter\u00edsticas de esta t\u00e9cnica y deja correr tu imaginaci\u00f3n. Fotograf\u00edas grupales donde cada uno de los participantes har\u00e1 uso de sus conocimientos art\u00edsticos para crear una imagen \u00fanica e inolvidable.<\/p>\n<p style=\"text-align: center;\"><img loading=\"lazy\" decoding=\"async\" class=\"aligncenter  wp-image-1485\" alt=\"_MG_7954\" src=\"http:\/\/www.fotobcnlive.es\/wp-content\/uploads\/2013\/08\/MG_7954-640x360.jpg\" width=\"230\" height=\"130\" srcset=\"http:\/\/www.fotobcnlive.es\/wp-content\/uploads\/2013\/08\/MG_7954-640x360.jpg 640w, http:\/\/www.fotobcnlive.es\/wp-content\/uploads\/2013\/08\/MG_7954-1024x576.jpg 1024w, http:\/\/www.fotobcnlive.es\/wp-content\/uploads\/2013\/08\/MG_7954-960x540.jpg 960w, http:\/\/www.fotobcnlive.es\/wp-content\/uploads\/2013\/08\/MG_7954.jpg 1440w\" sizes=\"auto, (max-width: 230px) 100vw, 230px\" \/> <img loading=\"lazy\" decoding=\"async\" class=\"aligncenter  wp-image-1484\" alt=\"_MG_7949\" src=\"http:\/\/www.fotobcnlive.es\/wp-content\/uploads\/2013\/08\/MG_7949-640x360.jpg\" width=\"230\" height=\"130\" srcset=\"http:\/\/www.fotobcnlive.es\/wp-content\/uploads\/2013\/08\/MG_7949-640x360.jpg 640w, http:\/\/www.fotobcnlive.es\/wp-content\/uploads\/2013\/08\/MG_7949-1024x576.jpg 1024w, http:\/\/www.fotobcnlive.es\/wp-content\/uploads\/2013\/08\/MG_7949-960x540.jpg 960w, http:\/\/www.fotobcnlive.es\/wp-content\/uploads\/2013\/08\/MG_7949.jpg 1440w\" sizes=\"auto, (max-width: 230px) 100vw, 230px\" \/> <img loading=\"lazy\" decoding=\"async\" class=\"aligncenter  wp-image-1479\" alt=\"_MG_7926\" src=\"http:\/\/www.fotobcnlive.es\/wp-content\/uploads\/2013\/08\/MG_7926-640x400.jpg\" width=\"230\" height=\"144\" srcset=\"http:\/\/www.fotobcnlive.es\/wp-content\/uploads\/2013\/08\/MG_7926-640x400.jpg 640w, http:\/\/www.fotobcnlive.es\/wp-content\/uploads\/2013\/08\/MG_7926-1024x640.jpg 1024w, http:\/\/www.fotobcnlive.es\/wp-content\/uploads\/2013\/08\/MG_7926-960x600.jpg 960w, http:\/\/www.fotobcnlive.es\/wp-content\/uploads\/2013\/08\/MG_7926.jpg 1440w\" sizes=\"auto, (max-width: 230px) 100vw, 230px\" \/> <img loading=\"lazy\" decoding=\"async\" class=\"aligncenter size-thumbnail wp-image-1478\" alt=\"_MG_7925\" src=\"http:\/\/www.fotobcnlive.es\/wp-content\/uploads\/2013\/08\/MG_7925-150x150.jpg\" width=\"150\" height=\"150\" srcset=\"http:\/\/www.fotobcnlive.es\/wp-content\/uploads\/2013\/08\/MG_7925-150x150.jpg 150w, http:\/\/www.fotobcnlive.es\/wp-content\/uploads\/2013\/08\/MG_7925-125x125.jpg 125w, http:\/\/www.fotobcnlive.es\/wp-content\/uploads\/2013\/08\/MG_7925-290x290.jpg 290w\" sizes=\"auto, (max-width: 150px) 100vw, 150px\" \/><\/p>\n<p style=\"text-align: justify;\">Imagina, dibuja, pinta, contextualiza, sorprende a tu equipo desarrollando tu vertiente art\u00edstica.<\/p>\n<p style=\"text-align: justify;\">*La actividad de Light Painting se realiza en zonas oscuras o sitios cerrados.<\/p>\n<p style=\"text-align: justify;\">Y si lo deseas tambi\u00e9n podemos realizar el book fotogr\u00e1fico completo el d\u00eda del evento!<\/p>\n<p style=\"text-align: justify;\">Entrega de fotograf\u00edas en formato digital. (para impresiones en diferentes formatos consultar)<\/p>\n<p style=\"text-align: justify;\">Consulta precios y disponibilidad en <a href=\"mailto:info@fotobcnlive.com\">info@fotobcnlive.com<\/a><\/p>\n","protected":false},"excerpt":{"rendered":"<p>Participar,\u00a0Incentivar,\u00a0Motivar,\u00a0Estimular &nbsp; Trabajo en equipo mediante la realizaci\u00f3n de fotograf\u00eda art\u00edstica y t\u00e9cnicas de Light Painting. Utiliza las herramientas m\u00e1s caracter\u00edsticas de esta t\u00e9cnica y deja correr tu imaginaci\u00f3n. Fotograf\u00edas grupales donde cada uno de los participantes har\u00e1 uso de sus conocimientos art\u00edsticos para crear una imagen \u00fanica e inolvidable. Imagina, dibuja, pinta, contextualiza, sorprende&#8230;<\/p>\n","protected":false},"author":1,"featured_media":0,"parent":0,"menu_order":0,"comment_status":"open","ping_status":"open","template":"template.fullwidth.php","meta":{"footnotes":""},"class_list":["post-1750","page","type-page","status-publish","hentry"],"_links":{"self":[{"href":"http:\/\/www.fotobcnlive.es\/index.php?rest_route=\/wp\/v2\/pages\/1750","targetHints":{"allow":["GET"]}}],"collection":[{"href":"http:\/\/www.fotobcnlive.es\/index.php?rest_route=\/wp\/v2\/pages"}],"about":[{"href":"http:\/\/www.fotobcnlive.es\/index.php?rest_route=\/wp\/v2\/types\/page"}],"author":[{"embeddable":true,"href":"http:\/\/www.fotobcnlive.es\/index.php?rest_route=\/wp\/v2\/users\/1"}],"replies":[{"embeddable":true,"href":"http:\/\/www.fotobcnlive.es\/index.php?rest_route=%2Fwp%2Fv2%2Fcomments&post=1750"}],"version-history":[{"count":10,"href":"http:\/\/www.fotobcnlive.es\/index.php?rest_route=\/wp\/v2\/pages\/1750\/revisions"}],"predecessor-version":[{"id":1799,"href":"http:\/\/www.fotobcnlive.es\/index.php?rest_route=\/wp\/v2\/pages\/1750\/revisions\/1799"}],"wp:attachment":[{"href":"http:\/\/www.fotobcnlive.es\/index.php?rest_route=%2Fwp%2Fv2%2Fmedia&parent=1750"}],"curies":[{"name":"wp","href":"https:\/\/api.w.org\/{rel}","templated":true}]}}