{"id":1841,"date":"2013-10-15T14:57:54","date_gmt":"2013-10-15T12:57:54","guid":{"rendered":"http:\/\/www.fotobcnlive.es\/?page_id=1841"},"modified":"2015-10-01T11:44:36","modified_gmt":"2015-10-01T09:44:36","slug":"fotografia-de-producto","status":"publish","type":"page","link":"http:\/\/www.fotobcnlive.es\/?page_id=1841","title":{"rendered":"Fotograf\u00eda de producto"},"content":{"rendered":"<p>Te ofrecemos un escalado de precios ajustado a tus necesidades.<\/p>\n<p>[price_table id=1848]<\/p>\n<p>Posibilidad de crear un cat\u00e1logo digital con las fotograf\u00edas de los productos.<\/p>\n<p>Para cantidades superiores u otras consultas, env\u00edanos un correo electr\u00f3nico a <a href=\"mailto:info@fotobcnlive.com\">info@fotobcnlive.com<\/a><\/p>\n<p>* IVA no incluido en el precio, tampoco se incluyen los desplazamientos ni el servicio de mensajer\u00eda si fuera necesario<\/p>\n<p>&nbsp;<\/p>\n<p><strong><span style=\"color: #99ccff;\">Galer\u00edas<\/span><\/strong><\/p>\n<p>[easy-media cat=\u00bb464&#8243;] [easy-media cat=\u00bb469&#8243;]<\/p>\n","protected":false},"excerpt":{"rendered":"<p>Te ofrecemos un escalado de precios ajustado a tus necesidades. [price_table id=1848] Posibilidad de crear un cat\u00e1logo digital con las fotograf\u00edas de los productos. Para cantidades superiores u otras consultas, env\u00edanos un correo electr\u00f3nico a info@fotobcnlive.com * IVA no incluido en el precio, tampoco se incluyen los desplazamientos ni el servicio de mensajer\u00eda si fuera&#8230;<\/p>\n","protected":false},"author":1,"featured_media":0,"parent":0,"menu_order":0,"comment_status":"open","ping_status":"open","template":"template.fullwidth.php","meta":{"footnotes":""},"class_list":["post-1841","page","type-page","status-publish","hentry"],"_links":{"self":[{"href":"http:\/\/www.fotobcnlive.es\/index.php?rest_route=\/wp\/v2\/pages\/1841","targetHints":{"allow":["GET"]}}],"collection":[{"href":"http:\/\/www.fotobcnlive.es\/index.php?rest_route=\/wp\/v2\/pages"}],"about":[{"href":"http:\/\/www.fotobcnlive.es\/index.php?rest_route=\/wp\/v2\/types\/page"}],"author":[{"embeddable":true,"href":"http:\/\/www.fotobcnlive.es\/index.php?rest_route=\/wp\/v2\/users\/1"}],"replies":[{"embeddable":true,"href":"http:\/\/www.fotobcnlive.es\/index.php?rest_route=%2Fwp%2Fv2%2Fcomments&post=1841"}],"version-history":[{"count":14,"href":"http:\/\/www.fotobcnlive.es\/index.php?rest_route=\/wp\/v2\/pages\/1841\/revisions"}],"predecessor-version":[{"id":3167,"href":"http:\/\/www.fotobcnlive.es\/index.php?rest_route=\/wp\/v2\/pages\/1841\/revisions\/3167"}],"wp:attachment":[{"href":"http:\/\/www.fotobcnlive.es\/index.php?rest_route=%2Fwp%2Fv2%2Fmedia&parent=1841"}],"curies":[{"name":"wp","href":"https:\/\/api.w.org\/{rel}","templated":true}]}}