{"id":1970,"date":"2013-12-13T17:05:04","date_gmt":"2013-12-13T15:05:04","guid":{"rendered":"\/?page_id=1970"},"modified":"2014-03-17T18:06:48","modified_gmt":"2014-03-17T16:06:48","slug":"fotografia-musical-artistas","status":"publish","type":"page","link":"http:\/\/www.fotobcnlive.es\/?page_id=1970","title":{"rendered":"Fotograf\u00eda Musical &#8211; Artistas"},"content":{"rendered":"<p><span style=\"line-height: 1.5em;\">Si lo que buscas es un book art\u00edstico para tu grupo o banda, o eres un@ artista, Foto BCNLive te ofrece todo lo que necesitas para conseguir las mejores fotograf\u00edas profesionales\u00a0<\/span>de alta calidad.<\/p>\n<p>Ya sea fotograf\u00eda de conciertos, eventos privados, sesiones individuales, etc. pensamos que lo importante es tu imagen y por eso ponemos todos nuestros medios para conseguir los mejores resultados.<\/p>\n<p>Si adem\u00e1s lo que quieres, es algo especial y diferente, el equipo de Painters Of Darkness, utilizando t\u00e9cnicas de Light Painting har\u00e1 de tus fotograf\u00edas algo \u00fanico.<\/p>\n<p>&nbsp;<\/p>\n<h2><strong><span style=\"color: #99ccff;\">Packs Studio:<\/span><\/strong><\/h2>\n<h3><strong><span style=\"color: #ff6600;\">Studio 1<\/span><\/strong><\/h3>\n<div id=\"t1\">Sesi\u00f3n fotogr\u00e1fica de\u00a0<strong><span style=\"color: #99ccff;\">1 hora<\/span><\/strong>\u00a0en estudio con un fot\u00f3grafo profesional.<br \/>\nIncluye:<\/p>\n<ul>\n<li>Coste de alquiler del espacio y equipo<\/li>\n<li>Fot\u00f3grafo<\/li>\n<li><strong><span style=\"color: #99ccff;\">5\u00a0fotos<\/span><\/strong> en cd retocadas digitalmente y en alta resoluci\u00f3n<\/li>\n<li>2\u00a0cambios de ropa (aportada por el cliente)<\/li>\n<\/ul>\n<p>Tarifa: 100\u20ac*<\/p>\n<p>&nbsp;<\/p>\n<\/div>\n<h3><span style=\"color: #ff6600;\"><strong>Studio 2<\/strong><\/span><\/h3>\n<div>\n<div id=\"t2\">Sesi\u00f3n fotogr\u00e1fica de\u00a0<strong><span style=\"color: #99ccff;\">1 hora y media<\/span><\/strong>\u00a0en estudio con un fot\u00f3grafo profesional.<br \/>\nIncluye:<\/p>\n<ul>\n<li>Coste de alquiler del espacio y equipo<\/li>\n<li>Fot\u00f3grafo<\/li>\n<li><strong><span style=\"color: #99ccff;\">10\u00a0fotos<\/span><\/strong> en cd retocadas digitalmente y en alta resoluci\u00f3n<\/li>\n<li>2\u00a0cambios de ropa (aportada por el cliente)<\/li>\n<\/ul>\n<p>Tarifa: 115\u20ac*<\/p>\n<p>&nbsp;<\/p>\n<\/div>\n<h3><strong><span style=\"color: #ff6600;\">Studio 3<\/span><\/strong><\/h3>\n<\/div>\n<div>Sesi\u00f3n fotogr\u00e1fica de\u00a0<span style=\"color: #99ccff;\"><strong>2 horas<\/strong><\/span>\u00a0en estudio con un fot\u00f3grafo profesional.<br \/>\nIncluye:<\/p>\n<ul>\n<li>Coste de alquiler del espacio y equipo<\/li>\n<li>Fot\u00f3grafo<\/li>\n<li><strong><span style=\"color: #99ccff;\">15\u00a0fotos<\/span> <\/strong>en cd retocadas digitalmente y en alta resoluci\u00f3n<\/li>\n<li>3\u00a0cambios de ropa (aportada por el cliente)<\/li>\n<\/ul>\n<p>Tarifa:\u00a0130\u20ac*<\/p>\n<p>&nbsp;<\/p>\n<\/div>\n<h3><span style=\"color: #99ccff;\">Servicios extras<\/span><\/h3>\n<p>Maquillaje profesional:\u00a030\u20ac*<br \/>\nPeluquer\u00eda:\u00a030\u20ac*<\/p>\n<p>&nbsp;<\/p>\n<p>Para sesiones al aire libre, conciertos, etc. env\u00edanos un correo electr\u00f3nico a <a href=\"mailto:info@fotobcnlive.com\">info@fotobcnlive.com<\/a> o llama al +34 616 955 986 y te informaremos de nuestras tarifas.<\/p>\n<p>* Los precios que aparecen no llevan incluido el IVA. El precio indicado es por modelo, para grupos musicales pedir informaci\u00f3n.<\/p>\n","protected":false},"excerpt":{"rendered":"<p>Si lo que buscas es un book art\u00edstico para tu grupo o banda, o eres un@ artista, Foto BCNLive te ofrece todo lo que necesitas para conseguir las mejores fotograf\u00edas profesionales\u00a0de alta calidad. Ya sea fotograf\u00eda de conciertos, eventos privados, sesiones individuales, etc. pensamos que lo importante es tu imagen y por eso ponemos todos&#8230;<\/p>\n","protected":false},"author":1,"featured_media":0,"parent":0,"menu_order":0,"comment_status":"open","ping_status":"open","template":"template.fullwidth.php","meta":{"footnotes":""},"class_list":["post-1970","page","type-page","status-publish","hentry"],"_links":{"self":[{"href":"http:\/\/www.fotobcnlive.es\/index.php?rest_route=\/wp\/v2\/pages\/1970","targetHints":{"allow":["GET"]}}],"collection":[{"href":"http:\/\/www.fotobcnlive.es\/index.php?rest_route=\/wp\/v2\/pages"}],"about":[{"href":"http:\/\/www.fotobcnlive.es\/index.php?rest_route=\/wp\/v2\/types\/page"}],"author":[{"embeddable":true,"href":"http:\/\/www.fotobcnlive.es\/index.php?rest_route=\/wp\/v2\/users\/1"}],"replies":[{"embeddable":true,"href":"http:\/\/www.fotobcnlive.es\/index.php?rest_route=%2Fwp%2Fv2%2Fcomments&post=1970"}],"version-history":[{"count":4,"href":"http:\/\/www.fotobcnlive.es\/index.php?rest_route=\/wp\/v2\/pages\/1970\/revisions"}],"predecessor-version":[{"id":2359,"href":"http:\/\/www.fotobcnlive.es\/index.php?rest_route=\/wp\/v2\/pages\/1970\/revisions\/2359"}],"wp:attachment":[{"href":"http:\/\/www.fotobcnlive.es\/index.php?rest_route=%2Fwp%2Fv2%2Fmedia&parent=1970"}],"curies":[{"name":"wp","href":"https:\/\/api.w.org\/{rel}","templated":true}]}}