{"id":2,"date":"2013-02-14T18:08:49","date_gmt":"2013-02-14T18:08:49","guid":{"rendered":"http:\/\/www.fotobcnlive.es\/?page_id=2"},"modified":"2013-03-17T12:03:10","modified_gmt":"2013-03-17T11:03:10","slug":"aboutbcnlive","status":"publish","type":"page","link":"http:\/\/www.fotobcnlive.es\/","title":{"rendered":"Qu\u00e9 es Foto BCNLive"},"content":{"rendered":"<p style=\"text-align: justify;\"><strong>Foto<\/strong> <strong>BCNLive<\/strong> es un proyecto que nace por y para la fotograf\u00eda en la oscuridad.\u00a0En concreto trata todo aquello relacionado con la fotograf\u00eda nocturna, de larga exposici\u00f3n y la fotograf\u00eda de light painting.<\/p>\n<p style=\"text-align: justify;\">Desde Foto BCNLive se pretende dar a conocer cada una de las t\u00e9cnicas relacionadas con este asombroso mundo donde la creatividad es nuestro mejor aliado.<\/p>\n<p style=\"text-align: justify;\">Con el lema \u00ab<em><span style=\"color: #ff6600;\">LA OSCURIDAD NOS PERMITE VER AQUELLO QUE DURANTE EL D\u00cdA NO PODEMOS PERCIBIR CON CLARIDAD<\/span><\/em>\u00ab, queremos ense\u00f1ar a aquellos que se vean atra\u00eddos por este fascinante mundo de la fotograf\u00eda nocturna, cada uno de los secretos que les ayudar\u00e1 a realizar trabajos realmente impresionantes. Tambi\u00e9n para todos aquellos que todav\u00eda no lo han probado y quieren descubrir una nueva forma de fotografiar, una nueva forma de ver las cosas.<\/p>\n<p style=\"text-align: justify;\">Las t\u00e9cnicas, los materiales, el equipo, etc, etc&#8230;. todo lo que necesitas, te lo explicamos al detalle. Desc\u00fabrelo en nuestros cursos presenciales y cursos on-line.<\/p>\n<p style=\"text-align: justify;\">Desde Foto BCNLive estaremos encantados de poder ayudarte y guiarte.<\/p>\n<p style=\"text-align: justify;\">\u00a1Bienvenidos a la oscuridad, bienvenidos a nuestro universo!<\/p>\n<p style=\"text-align: justify;\">\n","protected":false},"excerpt":{"rendered":"<p>Foto BCNLive es un proyecto que nace por y para la fotograf\u00eda en la oscuridad.\u00a0En concreto trata todo aquello relacionado con la fotograf\u00eda nocturna, de larga exposici\u00f3n y la fotograf\u00eda de light painting. Desde Foto BCNLive se pretende dar a conocer cada una de las t\u00e9cnicas relacionadas con este asombroso mundo donde la creatividad es&#8230;<\/p>\n","protected":false},"author":1,"featured_media":0,"parent":0,"menu_order":0,"comment_status":"open","ping_status":"open","template":"template.fullwidth.php","meta":{"footnotes":""},"class_list":["post-2","page","type-page","status-publish","hentry"],"_links":{"self":[{"href":"http:\/\/www.fotobcnlive.es\/index.php?rest_route=\/wp\/v2\/pages\/2","targetHints":{"allow":["GET"]}}],"collection":[{"href":"http:\/\/www.fotobcnlive.es\/index.php?rest_route=\/wp\/v2\/pages"}],"about":[{"href":"http:\/\/www.fotobcnlive.es\/index.php?rest_route=\/wp\/v2\/types\/page"}],"author":[{"embeddable":true,"href":"http:\/\/www.fotobcnlive.es\/index.php?rest_route=\/wp\/v2\/users\/1"}],"replies":[{"embeddable":true,"href":"http:\/\/www.fotobcnlive.es\/index.php?rest_route=%2Fwp%2Fv2%2Fcomments&post=2"}],"version-history":[{"count":6,"href":"http:\/\/www.fotobcnlive.es\/index.php?rest_route=\/wp\/v2\/pages\/2\/revisions"}],"predecessor-version":[{"id":145,"href":"http:\/\/www.fotobcnlive.es\/index.php?rest_route=\/wp\/v2\/pages\/2\/revisions\/145"}],"wp:attachment":[{"href":"http:\/\/www.fotobcnlive.es\/index.php?rest_route=%2Fwp%2Fv2%2Fmedia&parent=2"}],"curies":[{"name":"wp","href":"https:\/\/api.w.org\/{rel}","templated":true}]}}