{"id":2760,"date":"2014-10-07T12:35:47","date_gmt":"2014-10-07T10:35:47","guid":{"rendered":"http:\/\/www.fotobcnlive.es\/?page_id=2760"},"modified":"2014-10-09T16:13:47","modified_gmt":"2014-10-09T14:13:47","slug":"impresion-digital","status":"publish","type":"page","link":"http:\/\/www.fotobcnlive.es\/?page_id=2760","title":{"rendered":"Impresi\u00f3n digital"},"content":{"rendered":"<p>Entra en nuestro portfolio, escoge una fotograf\u00eda y decide que tipo de impresi\u00f3n digital es la que m\u00e1s se ajusta a tus necesidades. Todas las fotograf\u00edas son de <span style=\"color: #99ccff;\"><strong>edici\u00f3n limitada<\/strong><\/span>.<\/p>\n<p>Trabajamos con los mejores materiales y las calidades m\u00e1s altas, para que el resultado sea el mejor.<\/p>\n<p>Papel fotogr\u00e1fico, Acuarela, Canvas&#8230; con una relaci\u00f3n calidad precio inigualables.<\/p>\n<p>Si lo que deseas es imprimir tus propias fotograf\u00edas, env\u00edanos un <a href=\"mailto:info@fotobcnlive.com\">correo electr\u00f3nico<\/a> y te daremos las mejores opciones!<\/p>\n<p>&nbsp;<br \/>\n&nbsp;<br \/>\n&nbsp;<br \/>\n[price_table id=2754]<\/p>\n","protected":false},"excerpt":{"rendered":"<p>Entra en nuestro portfolio, escoge una fotograf\u00eda y decide que tipo de impresi\u00f3n digital es la que m\u00e1s se ajusta a tus necesidades. Todas las fotograf\u00edas son de edici\u00f3n limitada. Trabajamos con los mejores materiales y las calidades m\u00e1s altas, para que el resultado sea el mejor. Papel fotogr\u00e1fico, Acuarela, Canvas&#8230; con una relaci\u00f3n calidad&#8230;<\/p>\n","protected":false},"author":1,"featured_media":0,"parent":0,"menu_order":0,"comment_status":"open","ping_status":"open","template":"template.fullwidth.php","meta":{"footnotes":""},"class_list":["post-2760","page","type-page","status-publish","hentry"],"_links":{"self":[{"href":"http:\/\/www.fotobcnlive.es\/index.php?rest_route=\/wp\/v2\/pages\/2760","targetHints":{"allow":["GET"]}}],"collection":[{"href":"http:\/\/www.fotobcnlive.es\/index.php?rest_route=\/wp\/v2\/pages"}],"about":[{"href":"http:\/\/www.fotobcnlive.es\/index.php?rest_route=\/wp\/v2\/types\/page"}],"author":[{"embeddable":true,"href":"http:\/\/www.fotobcnlive.es\/index.php?rest_route=\/wp\/v2\/users\/1"}],"replies":[{"embeddable":true,"href":"http:\/\/www.fotobcnlive.es\/index.php?rest_route=%2Fwp%2Fv2%2Fcomments&post=2760"}],"version-history":[{"count":7,"href":"http:\/\/www.fotobcnlive.es\/index.php?rest_route=\/wp\/v2\/pages\/2760\/revisions"}],"predecessor-version":[{"id":2787,"href":"http:\/\/www.fotobcnlive.es\/index.php?rest_route=\/wp\/v2\/pages\/2760\/revisions\/2787"}],"wp:attachment":[{"href":"http:\/\/www.fotobcnlive.es\/index.php?rest_route=%2Fwp%2Fv2%2Fmedia&parent=2760"}],"curies":[{"name":"wp","href":"https:\/\/api.w.org\/{rel}","templated":true}]}}