{"id":288,"date":"2013-03-22T12:36:16","date_gmt":"2013-03-22T11:36:16","guid":{"rendered":"http:\/\/www.fotobcnlive.es\/?page_id=288"},"modified":"2014-08-22T22:05:23","modified_gmt":"2014-08-22T20:05:23","slug":"workshops","status":"publish","type":"page","link":"http:\/\/www.fotobcnlive.es\/?page_id=288","title":{"rendered":"Workshops &#8211; Informaci\u00f3n General"},"content":{"rendered":"<p>\u00bfQuieres aprender o mejorar tus fotograf\u00edas nocturnas? Descubre todo sobre los talleres de fotograf\u00eda nocturna y light painting que estamos preparando para ti. Calendarios, tem\u00e1ticas y toda la informaci\u00f3n que necesitas.<\/p>\n<p>Consulta el <a title=\"Calendario de Eventos\" href=\"\/calendario-de-eventos\/\">calendario de eventos<\/a> o contacta con nosotros en\u00a0<a title=\"Contacta con nosotros\" href=\"mailto:info@fotobcnlive.com\">info@fotobcnlive.com<\/a><\/p>\n<p><img loading=\"lazy\" decoding=\"async\" class=\"size-full wp-image-304 alignright\" src=\"http:\/\/www.fotobcnlive.es\/wp-content\/uploads\/2013\/03\/LogoWS.jpg\" alt=\"LogoFotoBcnLive_imp\" width=\"150\" height=\"150\" srcset=\"http:\/\/www.fotobcnlive.es\/wp-content\/uploads\/2013\/03\/LogoWS.jpg 150w, http:\/\/www.fotobcnlive.es\/wp-content\/uploads\/2013\/03\/LogoWS-125x125.jpg 125w\" sizes=\"auto, (max-width: 150px) 100vw, 150px\" \/><\/p>\n<h2><\/h2>\n<h2><span style=\"color: #00ccff;\">Talleres de Larga Exposici\u00f3n y uso de filtros<\/span><\/h2>\n<p>De la mano de <a title=\"Lucroit\" href=\"http:\/\/www.fotobcnlive.es\/?page_id=2092\">Lucroit<\/a>\u00a0Foto BCNLive os presenta unos talleres muy interesantes de fotograf\u00eda de larga exposici\u00f3n y uso de filtros.<\/p>\n<p>El taller tiene un formato 2+2+2 (2 horas de teor\u00eda + \u00a02 horas de pr\u00e1ctica + 2 horas de procesado) en el que aprender\u00e1s todos los secretos de esta magn\u00edfica t\u00e9cnica y podr\u00e1s probar los productos Lucroit con tu equipo fotogr\u00e1fico.<\/p>\n<p>Los asistentes disfrutar\u00e1n de un 15% de descuento en las compras de productos Lucroit.<\/p>\n<p>No te pierdas el pr\u00f3ximo <a title=\"Calendario de Eventos\" href=\"http:\/\/www.fotobcnlive.es\/?page_id=1088\">Workshop<\/a>!<\/p>\n<p>&nbsp;<\/p>\n<h2><span style=\"color: #00ccff;\">Talleres de Fotograf\u00eda Nocturna<\/span><\/h2>\n<h3>Contenido del taller:<\/h3>\n<p>&#8211; Introducci\u00f3n a la fotograf\u00eda nocturna y de larga exposici\u00f3n.<\/p>\n<p>&#8211; El material<\/p>\n<p>&#8211; C\u00f3mo preparar nuestra c\u00e1mara<\/p>\n<p>&#8211; Conocimientos b\u00e1sicos<\/p>\n<p>&#8211;\u00a0\u00a0\u00a0\u00a0\u00a0\u00a0\u00a0 Entender el histograma<\/p>\n<p>&#8211;\u00a0\u00a0\u00a0\u00a0\u00a0\u00a0\u00a0 C\u00f3mo funciona el diafragma<\/p>\n<p>&#8211;\u00a0\u00a0\u00a0\u00a0\u00a0\u00a0\u00a0 Sensibilidad ISO<\/p>\n<p>&#8211;\u00a0\u00a0\u00a0\u00a0\u00a0\u00a0\u00a0 Velocidad de obturaci\u00f3n<\/p>\n<p>&#8211;\u00a0\u00a0\u00a0\u00a0\u00a0\u00a0\u00a0 C\u00e1lculo del tiempo de exposici\u00f3n (ley de la reciprocidad)<\/p>\n<p>&#8211;\u00a0\u00a0\u00a0\u00a0\u00a0\u00a0\u00a0 Distancia hiperfocal<\/p>\n<p>&#8211; Composici\u00f3n<\/p>\n<p>&#8211; Iluminaci\u00f3n<\/p>\n<p>&#8211; Planificaci\u00f3n y metodolog\u00eda de trabajo<\/p>\n<p>&#8211; Procesado<\/p>\n<p>&#8211; Clase pr\u00e1ctica<\/p>\n<p>&nbsp;<\/p>\n<h2><span style=\"color: #00ccff;\">Talleres de Light Painting by POD<\/span><\/h2>\n<p>De la mano de Painters Of Darkness, aprender\u00e1s t\u00e9cnicas sorprendentes para conseguir efectos incre\u00edbles en tus fotograf\u00edas.<\/p>\n<p>&#8211; Introducci\u00f3n b\u00e1sica a la fotograf\u00eda nocturna y de larga exposici\u00f3n<\/p>\n<p>&#8211; Introducci\u00f3n al Light Painting<\/p>\n<p>&#8211; Materiales b\u00e1sicos<\/p>\n<p>&#8211; \u00bfC\u00f3mo se hace?<\/p>\n<p>&#8211; Metodolog\u00eda de trabajo<\/p>\n<p>&#8211; Clase pr\u00e1ctica<\/p>\n<p>&nbsp;<\/p>\n<figure id=\"attachment_1188\" aria-describedby=\"caption-attachment-1188\" style=\"width: 972px\" class=\"wp-caption alignleft\"><a href=\"http:\/\/www.fotobcnlive.es\/wp-content\/uploads\/2013\/06\/MG_7175-Editar.jpg\" data-rel=\"prettyPhoto\"><img loading=\"lazy\" decoding=\"async\" class=\" wp-image-1188  \" src=\"http:\/\/www.fotobcnlive.es\/wp-content\/uploads\/2013\/06\/MG_7175-Editar.jpg\" alt=\"El Reencuentro\" width=\"972\" height=\"648\" srcset=\"http:\/\/www.fotobcnlive.es\/wp-content\/uploads\/2013\/06\/MG_7175-Editar.jpg 1350w, http:\/\/www.fotobcnlive.es\/wp-content\/uploads\/2013\/06\/MG_7175-Editar-640x426.jpg 640w, http:\/\/www.fotobcnlive.es\/wp-content\/uploads\/2013\/06\/MG_7175-Editar-1024x682.jpg 1024w, http:\/\/www.fotobcnlive.es\/wp-content\/uploads\/2013\/06\/MG_7175-Editar-960x640.jpg 960w\" sizes=\"auto, (max-width: 972px) 100vw, 972px\" \/><\/a><figcaption id=\"caption-attachment-1188\" class=\"wp-caption-text\">ISO 200 11mm f\/5,6 329&#8243;<\/figcaption><\/figure>\n<p>Consulta las <a title=\"Condiciones workshops\" href=\"http:\/\/www.fotobcnlive.es\/?page_id=1166\">condiciones<\/a><\/p>\n","protected":false},"excerpt":{"rendered":"<p>\u00bfQuieres aprender o mejorar tus fotograf\u00edas nocturnas? Descubre todo sobre los talleres de fotograf\u00eda nocturna y light painting que estamos preparando para ti. Calendarios, tem\u00e1ticas y toda la informaci\u00f3n que necesitas. Consulta el calendario de eventos o contacta con nosotros en\u00a0info@fotobcnlive.com Talleres de Larga Exposici\u00f3n y uso de filtros De la mano de Lucroit\u00a0Foto BCNLive&#8230;<\/p>\n","protected":false},"author":1,"featured_media":304,"parent":0,"menu_order":0,"comment_status":"open","ping_status":"open","template":"template.fullwidth.php","meta":{"footnotes":""},"class_list":["post-288","page","type-page","status-publish","has-post-thumbnail","hentry"],"_links":{"self":[{"href":"http:\/\/www.fotobcnlive.es\/index.php?rest_route=\/wp\/v2\/pages\/288","targetHints":{"allow":["GET"]}}],"collection":[{"href":"http:\/\/www.fotobcnlive.es\/index.php?rest_route=\/wp\/v2\/pages"}],"about":[{"href":"http:\/\/www.fotobcnlive.es\/index.php?rest_route=\/wp\/v2\/types\/page"}],"author":[{"embeddable":true,"href":"http:\/\/www.fotobcnlive.es\/index.php?rest_route=\/wp\/v2\/users\/1"}],"replies":[{"embeddable":true,"href":"http:\/\/www.fotobcnlive.es\/index.php?rest_route=%2Fwp%2Fv2%2Fcomments&post=288"}],"version-history":[{"count":36,"href":"http:\/\/www.fotobcnlive.es\/index.php?rest_route=\/wp\/v2\/pages\/288\/revisions"}],"predecessor-version":[{"id":2703,"href":"http:\/\/www.fotobcnlive.es\/index.php?rest_route=\/wp\/v2\/pages\/288\/revisions\/2703"}],"wp:featuredmedia":[{"embeddable":true,"href":"http:\/\/www.fotobcnlive.es\/index.php?rest_route=\/wp\/v2\/media\/304"}],"wp:attachment":[{"href":"http:\/\/www.fotobcnlive.es\/index.php?rest_route=%2Fwp%2Fv2%2Fmedia&parent=288"}],"curies":[{"name":"wp","href":"https:\/\/api.w.org\/{rel}","templated":true}]}}