{"id":3373,"date":"2016-04-21T12:00:16","date_gmt":"2016-04-21T10:00:16","guid":{"rendered":"http:\/\/www.fotobcnlive.es\/?page_id=3373"},"modified":"2016-04-21T15:56:00","modified_gmt":"2016-04-21T13:56:00","slug":"workshop-ager-2016","status":"publish","type":"page","link":"http:\/\/www.fotobcnlive.es\/?page_id=3373","title":{"rendered":"WorkShop \u00c0ger 2016"},"content":{"rendered":"<p>Curso de fotograf\u00eda nocturna.<\/p>\n<p>Los\u00a0pr\u00f3ximos <span style=\"color: #ff6600;\"><strong>d\u00edas 11 y 12 de Junio<\/strong><\/span> tienes una cita con Foto BCNLive (Edu Mart\u00edn y David Parra)<\/p>\n<p>Volvemos a\u00a0<strong><span style=\"color: #ff6600;\">La Vall D&#8217;\u00c0ger<\/span><\/strong>\u00a0en Lleida.<\/p>\n<p>[travelroute height=\u00bb400&#8243; width=\u00bb960&#8243; maptype=\u00bbterrain\u00bb maptypecontrol=\u00bbtrue\u00bb zoomcontrol=\u00bbtrue\u00bb maxzoom=\u00bb12&#8243;]<\/p>\n<p>Un curso muy completo donde te ense\u00f1aremos todo sobre Fotograf\u00eda Nocturna de paisaje.<a title=\"Workshops\" href=\"http:\/\/www.fotobcnlive.es\/?page_id=288\" target=\"_blank\"><br \/>\n<\/a><\/p>\n<h2><span style=\"color: #99ccff;\">Contenido del Curso<\/span><\/h2>\n<ol>\n<li>Introducci\u00f3n a la fotograf\u00eda nocturna y de larga exposici\u00f3n.<\/li>\n<li>El material<\/li>\n<li>C\u00f3mo preparar nuestra c\u00e1mara<\/li>\n<li>Conocimientos b\u00e1sicos\n<ul>\n<li>Entender el histograma<\/li>\n<li>C\u00f3mo funciona el diafragma<\/li>\n<li>Sensibilidad ISO<\/li>\n<li>Velocidad de obturaci\u00f3n<\/li>\n<li>C\u00e1lculo del tiempo de exposici\u00f3n (ley de la reciprocidad)<\/li>\n<li>Distancia hiperfocal<\/li>\n<\/ul>\n<\/li>\n<li>Composici\u00f3n<\/li>\n<li>Iluminaci\u00f3n<\/li>\n<li>Planificaci\u00f3n y metodolog\u00eda de trabajo<\/li>\n<li>Clase pr\u00e1ctica<\/li>\n<\/ol>\n<p>&nbsp;<\/p>\n<h2><span style=\"color: #99ccff;\">Agenda Orientativa &#8211;<span style=\"color: #ffffff;\">\u00a0<\/span><\/span><span style=\"color: #ff6600;\">S\u00e1bado<\/span><\/h2>\n<p>11:30 &#8211; 12:00 Recepci\u00f3n de asistentes<\/p>\n<p>12:00 &#8211; 14:00 Teor\u00eda<\/p>\n<p>14:00 &#8211; 15:30 Comida<\/p>\n<p>15:45 &#8211; 19:45 Teor\u00eda<\/p>\n<p>20:00 &#8211; 21:30 Cena<\/p>\n<p>22:00 -00:00 Visita al Centro de Observaci\u00f3n del Universo en el <a title=\"Parc Astron\u00f2mic Montsec\" href=\"http:\/\/www.parcastronomic.cat\" target=\"_blank\">PAM<\/a>. (<strong>*horario y accesos por confirmar<\/strong>)<\/p>\n<p><img loading=\"lazy\" decoding=\"async\" class=\"size-medium wp-image-2490 alignleft\" src=\"http:\/\/www.fotobcnlive.es\/wp-content\/uploads\/2014\/04\/PAM001-640x163.png\" alt=\"PAM001\" width=\"640\" height=\"163\" srcset=\"http:\/\/www.fotobcnlive.es\/wp-content\/uploads\/2014\/04\/PAM001-640x163.png 640w, http:\/\/www.fotobcnlive.es\/wp-content\/uploads\/2014\/04\/PAM001.png 746w\" sizes=\"auto, (max-width: 640px) 100vw, 640px\" \/><\/p>\n<p>&nbsp;<\/p>\n<p>&nbsp;<\/p>\n<p>&nbsp;<\/p>\n<p>&nbsp;<\/p>\n<p>&nbsp;<\/p>\n<p>00-15 &#8211; 00:45 Salida hacia\u00a0localizaci\u00f3n\u00a0de pr\u00e1cticas<\/p>\n<p>01:00 &#8211; 04:00 Pr\u00e1cticas<\/p>\n<p>&nbsp;<\/p>\n<h2><span style=\"color: #99ccff;\">Agenda<\/span> <span style=\"color: #99ccff;\">&#8211;<\/span> <span style=\"color: #ff6600;\">Domingo<\/span><\/h2>\n<p>09:30 &#8211; 11:15 Desayuno<\/p>\n<p>11:30 &#8211; 13:30 Procesado, revisi\u00f3n de trabajos realizados durante las pr\u00e1cticas<\/p>\n<p>&nbsp;<\/p>\n<p><img loading=\"lazy\" decoding=\"async\" class=\"aligncenter wp-image-3382 size-large\" src=\"http:\/\/www.fotobcnlive.es\/wp-content\/uploads\/2016\/04\/WS11JN16-1-929x1024.jpg\" alt=\"\" width=\"700\" height=\"772\" srcset=\"http:\/\/www.fotobcnlive.es\/wp-content\/uploads\/2016\/04\/WS11JN16-1-929x1024.jpg 929w, http:\/\/www.fotobcnlive.es\/wp-content\/uploads\/2016\/04\/WS11JN16-1-581x640.jpg 581w, http:\/\/www.fotobcnlive.es\/wp-content\/uploads\/2016\/04\/WS11JN16-1-768x846.jpg 768w, http:\/\/www.fotobcnlive.es\/wp-content\/uploads\/2016\/04\/WS11JN16-1-960x1058.jpg 960w, http:\/\/www.fotobcnlive.es\/wp-content\/uploads\/2016\/04\/WS11JN16-1.jpg 1307w\" sizes=\"auto, (max-width: 700px) 100vw, 700px\" \/><\/p>\n<h3><\/h3>\n<h2><span style=\"color: #99ccff;\">\u00bfQu\u00e9 necesitas?<\/span><\/h2>\n<p>Para las pr\u00e1cticas ser\u00e1 necesario traer:<br \/>\n&#8211; C\u00e1mara r\u00e9flex con modo BULB o modo B<br \/>\n&#8211; Objetivo angular f4 o en su defecto el que traen las c\u00e1maras en el kit.<br \/>\n&#8211; Tr\u00edpode<br \/>\n&#8211; Disparador de control remoto con bloqueo de obturador.<br \/>\n&#8211; Linterna frontal<\/p>\n<p>No imprescindible pero de utilidad,<br \/>\n&#8211; flash<br \/>\n&#8211; linterna<\/p>\n<p>Recomendaciones:<\/p>\n<p>&#8211; Calzado c\u00f3modo de monta\u00f1a.<br \/>\n&#8211; Ropa adecuada para la \u00e9poca y el entorno. (En alta monta\u00f1a la temperatura puede bajar considerablemente en determinadas \u00e9pocas del a\u00f1o) al ser posible oscura!<br \/>\n&#8211; Revisar el equipo antes de venir al curso. (bater\u00edas, zapata del tr\u00edpode, cargador, etc\u2026).<\/p>\n<p>&nbsp;<\/p>\n<h3>Precio del WorkShop: 130 \u20ac<\/h3>\n<p>El precio incluye:<\/p>\n<ol>\n<ol>\n<ul>\n<li>Curso completo te\u00f3rico\/pr\u00e1ctico (duraci\u00f3n seg\u00fan agenda publicada)<\/li>\n<li>Alojamiento (habitaci\u00f3n doble &#8211; compartida) En caso de\u00a0necesitar una habitaci\u00f3n individual, el precio se incrementar\u00e1 en 15 \u20ac<\/li>\n<li>Pensi\u00f3n completa (comida, cena y desayuno)<\/li>\n<li>Visita al PAM (*pendiente de confirmar)<\/li>\n<\/ul>\n<\/ol>\n<\/ol>\n<p>Los desplazamientos se realizar\u00e1n por cuenta propia.<\/p>\n<p>Informaci\u00f3n adicional y <strong><span style=\"color: #ff6600;\">RESERVAS<\/span><\/strong>\u00a0a trav\u00e9s de nuestra direcci\u00f3n de correo electr\u00f3nico <a href=\"mailto:info@fotobcnlive.com\">info@fotobcnlive.com<\/a><\/p>\n<p>Consulta las <a title=\"Condiciones workshops\" href=\"http:\/\/www.fotobcnlive.es\/?page_id=1166\">condiciones<\/a><\/p>\n<p>&nbsp;<\/p>\n<p>&nbsp;<\/p>\n","protected":false},"excerpt":{"rendered":"<p>Curso de fotograf\u00eda nocturna. Los\u00a0pr\u00f3ximos d\u00edas 11 y 12 de Junio tienes una cita con Foto BCNLive (Edu Mart\u00edn y David Parra) Volvemos a\u00a0La Vall D&#8217;\u00c0ger\u00a0en Lleida. [travelroute height=\u00bb400&#8243; width=\u00bb960&#8243; maptype=\u00bbterrain\u00bb maptypecontrol=\u00bbtrue\u00bb zoomcontrol=\u00bbtrue\u00bb maxzoom=\u00bb12&#8243;] Un curso muy completo donde te ense\u00f1aremos todo sobre Fotograf\u00eda Nocturna de paisaje. Contenido del Curso Introducci\u00f3n a la fotograf\u00eda nocturna&#8230;<\/p>\n","protected":false},"author":1,"featured_media":2527,"parent":0,"menu_order":0,"comment_status":"closed","ping_status":"closed","template":"template.fullwidth.php","meta":{"footnotes":""},"class_list":["post-3373","page","type-page","status-publish","has-post-thumbnail","hentry"],"_links":{"self":[{"href":"http:\/\/www.fotobcnlive.es\/index.php?rest_route=\/wp\/v2\/pages\/3373","targetHints":{"allow":["GET"]}}],"collection":[{"href":"http:\/\/www.fotobcnlive.es\/index.php?rest_route=\/wp\/v2\/pages"}],"about":[{"href":"http:\/\/www.fotobcnlive.es\/index.php?rest_route=\/wp\/v2\/types\/page"}],"author":[{"embeddable":true,"href":"http:\/\/www.fotobcnlive.es\/index.php?rest_route=\/wp\/v2\/users\/1"}],"replies":[{"embeddable":true,"href":"http:\/\/www.fotobcnlive.es\/index.php?rest_route=%2Fwp%2Fv2%2Fcomments&post=3373"}],"version-history":[{"count":6,"href":"http:\/\/www.fotobcnlive.es\/index.php?rest_route=\/wp\/v2\/pages\/3373\/revisions"}],"predecessor-version":[{"id":3385,"href":"http:\/\/www.fotobcnlive.es\/index.php?rest_route=\/wp\/v2\/pages\/3373\/revisions\/3385"}],"wp:featuredmedia":[{"embeddable":true,"href":"http:\/\/www.fotobcnlive.es\/index.php?rest_route=\/wp\/v2\/media\/2527"}],"wp:attachment":[{"href":"http:\/\/www.fotobcnlive.es\/index.php?rest_route=%2Fwp%2Fv2%2Fmedia&parent=3373"}],"curies":[{"name":"wp","href":"https:\/\/api.w.org\/{rel}","templated":true}]}}